{"id":21144,"date":"2025-07-01T16:08:00","date_gmt":"2025-07-01T14:08:00","guid":{"rendered":"https:\/\/domaine-noria.com\/?page_id=21144"},"modified":"2025-07-01T16:18:10","modified_gmt":"2025-07-01T14:18:10","slug":"certification-vegan","status":"publish","type":"page","link":"https:\/\/domaine-noria.com\/en\/certification-vegan\/","title":{"rendered":"Vegan certification"},"content":{"rendered":"<div data-elementor-type=\"wp-page\" data-elementor-id=\"21144\" class=\"elementor elementor-21144\">\n\t\t\t\t<div class=\"elementor-element elementor-element-cfa66e6 e-flex e-con-boxed wpr-particle-no wpr-jarallax-no wpr-parallax-no wpr-sticky-section-no wpr-equal-height-no e-con e-parent\" data-id=\"cfa66e6\" data-element_type=\"container\" data-e-type=\"container\">\n\t\t\t\t\t<div class=\"e-con-inner\">\n\t\t\t\t<div class=\"elementor-element elementor-element-36f29cb elementor-widget elementor-widget-spacer\" data-id=\"36f29cb\" data-element_type=\"widget\" data-e-type=\"widget\" data-widget_type=\"spacer.default\">\n\t\t\t\t<div class=\"elementor-widget-container\">\n\t\t\t\t\t\t\t<div class=\"elementor-spacer\">\n\t\t\t<div class=\"elementor-spacer-inner\"><\/div>\n\t\t<\/div>\n\t\t\t\t\t\t<\/div>\n\t\t\t\t<\/div>\n\t\t<div class=\"elementor-element elementor-element-eee180f e-con-full e-flex wpr-particle-no wpr-jarallax-no wpr-parallax-no wpr-sticky-section-no wpr-equal-height-no e-con e-child\" data-id=\"eee180f\" data-element_type=\"container\" data-e-type=\"container\">\n\t\t<div class=\"elementor-element elementor-element-16743cb e-con-full e-flex wpr-particle-no wpr-jarallax-no wpr-parallax-no wpr-sticky-section-no wpr-equal-height-no e-con e-child\" data-id=\"16743cb\" data-element_type=\"container\" data-e-type=\"container\">\n\t\t\t\t<div class=\"elementor-element elementor-element-789b062 elementor-align-left elementor-widget elementor-widget-button\" data-id=\"789b062\" data-element_type=\"widget\" data-e-type=\"widget\" data-widget_type=\"button.default\">\n\t\t\t\t<div class=\"elementor-widget-container\">\n\t\t\t\t\t\t\t\t\t<div class=\"elementor-button-wrapper\">\n\t\t\t\t\t<a class=\"elementor-button elementor-button-link elementor-size-sm elementor-animation-grow\" href=\"https:\/\/domaine-noria.com\/en\/lengagement\/\">\n\t\t\t\t\t\t<span class=\"elementor-button-content-wrapper\">\n\t\t\t\t\t\t<span class=\"elementor-button-icon\">\n\t\t\t\t<svg aria-hidden=\"true\" class=\"e-font-icon-svg e-fas-arrow-left\" viewbox=\"0 0 448 512\" xmlns=\"http:\/\/www.w3.org\/2000\/svg\"><path d=\"M257.5 445.1l-22.2 22.2c-9.4 9.4-24.6 9.4-33.9 0L7 273c-9.4-9.4-9.4-24.6 0-33.9L201.4 44.7c9.4-9.4 24.6-9.4 33.9 0l22.2 22.2c9.5 9.5 9.3 25-.4 34.3L136.6 216H424c13.3 0 24 10.7 24 24v32c0 13.3-10.7 24-24 24H136.6l120.5 114.8c9.8 9.3 10 24.8.4 34.3z\"><\/path><\/svg>\t\t\t<\/span>\n\t\t\t\t\t\t\t\t<\/span>\n\t\t\t\t\t<\/a>\n\t\t\t\t<\/div>\n\t\t\t\t\t\t\t\t<\/div>\n\t\t\t\t<\/div>\n\t\t\t\t<\/div>\n\t\t<div class=\"elementor-element elementor-element-20cf411 e-con-full e-flex wpr-particle-no wpr-jarallax-no wpr-parallax-no wpr-sticky-section-no wpr-equal-height-no e-con e-child\" data-id=\"20cf411\" data-element_type=\"container\" data-e-type=\"container\">\n\t\t\t\t<div class=\"elementor-element elementor-element-eda9410 elementor-widget elementor-widget-heading\" data-id=\"eda9410\" data-element_type=\"widget\" data-e-type=\"widget\" data-widget_type=\"heading.default\">\n\t\t\t\t<div class=\"elementor-widget-container\">\n\t\t\t\t\t<h1 class=\"elementor-heading-title elementor-size-default\">Vegan certification<\/h1>\t\t\t\t<\/div>\n\t\t\t\t<\/div>\n\t\t\t\t<\/div>\n\t\t\t\t<\/div>\n\t\t\t\t<div class=\"elementor-element elementor-element-d8feda9 elementor-widget elementor-widget-text-editor\" data-id=\"d8feda9\" data-element_type=\"widget\" data-e-type=\"widget\" data-widget_type=\"text-editor.default\">\n\t\t\t\t<div class=\"elementor-widget-container\">\n\t\t\t\t\t\t\t\t\t<p class=\"p1 translation-block\">At Domaine Villa Noria, the <strong>quality of our wines is our highest priority.<\/strong> We are committed to offering you exceptional wines, <strong>crafted with respect for the grape and nature,<\/strong> while embracing an <strong>ethical and responsible approach.<\/strong><\/p><p class=\"p1 translation-block\">Our winemaking process aims to be <strong>as natural as possible.<\/strong> We favor traditional methods, <strong>without fining or harsh filtration, to preserve the authenticity and finesse of each grape variety.<\/strong> Our wines are made with low doses of sulfites, and some are even completely sulfite-free, ensuring a pure, healthy product that respects your well-being.<\/p>\t\t\t\t\t\t\t\t<\/div>\n\t\t\t\t<\/div>\n\t\t<div class=\"elementor-element elementor-element-e565212 e-con-full e-flex wpr-particle-no wpr-jarallax-no wpr-parallax-no wpr-sticky-section-no wpr-equal-height-no e-con e-child\" data-id=\"e565212\" data-element_type=\"container\" data-e-type=\"container\">\n\t\t<div class=\"elementor-element elementor-element-27d997a e-con-full e-flex wpr-particle-no wpr-jarallax-no wpr-parallax-no wpr-sticky-section-no wpr-equal-height-no e-con e-child\" data-id=\"27d997a\" data-element_type=\"container\" data-e-type=\"container\">\n\t\t\t\t<div class=\"elementor-element elementor-element-20eaed8 elementor-widget elementor-widget-heading\" data-id=\"20eaed8\" data-element_type=\"widget\" data-e-type=\"widget\" data-widget_type=\"heading.default\">\n\t\t\t\t<div class=\"elementor-widget-container\">\n\t\t\t\t\t<h2 class=\"elementor-heading-title elementor-size-default\">Vegan, a real commitment<\/h2>\t\t\t\t<\/div>\n\t\t\t\t<\/div>\n\t\t\t\t<div class=\"elementor-element elementor-element-43a2aa8 elementor-widget elementor-widget-text-editor\" data-id=\"43a2aa8\" data-element_type=\"widget\" data-e-type=\"widget\" data-widget_type=\"text-editor.default\">\n\t\t\t\t<div class=\"elementor-widget-container\">\n\t\t\t\t\t\t\t\t\t<p class=\"p1 translation-block\">Certified Vegan, our wines contain <strong>no animal-derived products.<\/strong> We use fining agents made from pea protein and bentonite, a natural clay, as well as tangential filtration, <strong>to clarify our wines without resorting to animal-derived substances<\/strong> such as gelatin, casein, or albumin. In practical terms, this means <strong>our wines contain no allergens from shellfish, animal products, or other animal-derived agents.<\/strong><\/p>\t\t\t\t\t\t\t\t<\/div>\n\t\t\t\t<\/div>\n\t\t\t\t<\/div>\n\t\t<div class=\"elementor-element elementor-element-d5ed874 e-con-full e-flex wpr-particle-no wpr-jarallax-no wpr-parallax-no wpr-sticky-section-no wpr-equal-height-no e-con e-child\" data-id=\"d5ed874\" data-element_type=\"container\" data-e-type=\"container\">\n\t\t\t\t<div class=\"elementor-element elementor-element-b240558 elementor-widget elementor-widget-image\" data-id=\"b240558\" data-element_type=\"widget\" data-e-type=\"widget\" data-widget_type=\"image.default\">\n\t\t\t\t<div class=\"elementor-widget-container\">\n\t\t\t\t\t\t\t\t\t\t\t\t\t\t\t<img fetchpriority=\"high\" decoding=\"async\" width=\"234\" height=\"234\" src=\"https:\/\/domaine-noria.com\/wp-content\/uploads\/2024\/04\/Logo-Vegan-min.png\" class=\"attachment-large size-large wp-image-14036\" alt=\"Logo-Vegan\" srcset=\"https:\/\/domaine-noria.com\/wp-content\/uploads\/2024\/04\/Logo-Vegan-min.png 234w, https:\/\/domaine-noria.com\/wp-content\/uploads\/2024\/04\/Logo-Vegan-min-200x200.png 200w\" sizes=\"(max-width: 234px) 100vw, 234px\" \/>\t\t\t\t\t\t\t\t\t\t\t\t\t\t\t<\/div>\n\t\t\t\t<\/div>\n\t\t\t\t<\/div>\n\t\t\t\t<\/div>\n\t\t\t\t<div class=\"elementor-element elementor-element-216d1cf elementor-widget elementor-widget-spacer\" data-id=\"216d1cf\" data-element_type=\"widget\" data-e-type=\"widget\" data-widget_type=\"spacer.default\">\n\t\t\t\t<div class=\"elementor-widget-container\">\n\t\t\t\t\t\t\t<div class=\"elementor-spacer\">\n\t\t\t<div class=\"elementor-spacer-inner\"><\/div>\n\t\t<\/div>\n\t\t\t\t\t\t<\/div>\n\t\t\t\t<\/div>\n\t\t\t\t<div class=\"elementor-element elementor-element-3e4e330 elementor-widget elementor-widget-heading\" data-id=\"3e4e330\" data-element_type=\"widget\" data-e-type=\"widget\" data-widget_type=\"heading.default\">\n\t\t\t\t<div class=\"elementor-widget-container\">\n\t\t\t\t\t<h2 class=\"elementor-heading-title elementor-size-default\">Why choose our vegan wines?<\/h2>\t\t\t\t<\/div>\n\t\t\t\t<\/div>\n\t\t\t\t<div class=\"elementor-element elementor-element-21ef5c2 elementor-widget elementor-widget-text-editor\" data-id=\"21ef5c2\" data-element_type=\"widget\" data-e-type=\"widget\" data-widget_type=\"text-editor.default\">\n\t\t\t\t<div class=\"elementor-widget-container\">\n\t\t\t\t\t\t\t\t\t<ul><li class=\"p1 translation-block\"><b>No use of animal-derived products<\/b> or fining agents from animal sources.<\/li><li class=\"p1 translation-block\">Pure wines, <strong>free from allergens<\/strong>, for worry-free enjoyment.<\/li><li class=\"p1 translation-block\"><b>A sustainable approach<\/b>, respectful of nature and animals.<\/li><\/ul><p class=\"p1 translation-block\">At Domaine Villa Noria, we believe that <strong>quality goes hand in hand with ethics.<\/strong> Our vegan wines are the result of our <strong>commitment to responsible viticulture<\/strong>\u2014respectful of the environment and your well-being. <strong>Experience natural, authentic, and conscientious wines\u2014for a tasting that truly matters.<\/strong><\/p>\t\t\t\t\t\t\t\t<\/div>\n\t\t\t\t<\/div>\n\t\t\t\t\t<\/div>\n\t\t\t\t<\/div>\n\t\t\t\t<\/div>","protected":false},"excerpt":{"rendered":"<p>Certification Vegan Chez Domaine Villa Noria, la qualit\u00e9 de nos vins est notre priorit\u00e9 absolue. Nous nous engageons \u00e0 vous offrir des vins d\u2019exception, \u00e9labor\u00e9s dans le respect du raisin et de la nature, tout en adoptant une d\u00e9marche \u00e9thique et responsable. Notre processus de vinification se veut le plus naturel possible. Nous privil\u00e9gions des m\u00e9thodes traditionnelles, sans collage ni filtration agressive, afin de pr\u00e9server l\u2019authenticit\u00e9 et la finesse de chaque c\u00e9page. Nos vins sont \u00e9labor\u00e9s avec de faibles doses de sulfites, voire sans sulfites du tout sur certains d\u2019entre eux, garantissant un produit pur, sain et respectueux de votre sant\u00e9. Vegan, un vrai engagement Certifi\u00e9s Vegan, nos vins ne contiennent aucun produit d\u2019origine animale. Nous utilisons des agents de collage \u00e0 base de colle de pois et de bentonite, une argile naturelle, ainsi qu\u2019un filtre tangentiel, pour clarifier nos vins sans recourir \u00e0 des substances d\u2019origine animale comme la g\u00e9latine, la cas\u00e9ine ou l\u2019albumine. Concr\u00e8tement, cela signifie que nos vins ne contiennent pas d\u2019allerg\u00e8nes issus des crustac\u00e9s, des produits animaux ou d\u2019autres agents d\u2019origine animale. Pourquoi choisir nos vins Vegan ? Aucun usage de produits d\u2019origine animale ou d\u2019agents de collage issus de leur transformation. Des vins purs, sans allerg\u00e8nes, pour une consommation en toute s\u00e9r\u00e9nit\u00e9. Une d\u00e9marche \u00e9coresponsable, respectueuse de la nature et des animaux. Chez Domaine Villa Noria, nous croyons que qualit\u00e9 rime avec \u00e9thique. Nos vins Vegan sont le fruit de notre engagement pour une viticulture responsable, respectueuse de l\u2019environnement et de votre bien-\u00eatre. Vivez l\u2019exp\u00e9rience d\u2019un vin naturel, authentique et respectueux \u2013 pour une d\u00e9gustation qui fait sens.<\/p>","protected":false},"author":10,"featured_media":0,"parent":0,"menu_order":21,"comment_status":"closed","ping_status":"closed","template":"","meta":{"site-sidebar-layout":"default","site-content-layout":"","ast-site-content-layout":"default","site-content-style":"default","site-sidebar-style":"default","ast-global-header-display":"","ast-banner-title-visibility":"","ast-main-header-display":"","ast-hfb-above-header-display":"","ast-hfb-below-header-display":"","ast-hfb-mobile-header-display":"","site-post-title":"","ast-breadcrumbs-content":"","ast-featured-img":"","footer-sml-layout":"","ast-disable-related-posts":"","theme-transparent-header-meta":"","adv-header-id-meta":"","stick-header-meta":"","header-above-stick-meta":"","header-main-stick-meta":"","header-below-stick-meta":"","astra-migrate-meta-layouts":"default","ast-page-background-enabled":"default","ast-page-background-meta":{"desktop":{"background-color":"var(--ast-global-color-4)","background-image":"","background-repeat":"repeat","background-position":"center center","background-size":"auto","background-attachment":"scroll","background-type":"","background-media":"","overlay-type":"","overlay-color":"","overlay-opacity":"","overlay-gradient":""},"tablet":{"background-color":"","background-image":"","background-repeat":"repeat","background-position":"center center","background-size":"auto","background-attachment":"scroll","background-type":"","background-media":"","overlay-type":"","overlay-color":"","overlay-opacity":"","overlay-gradient":""},"mobile":{"background-color":"","background-image":"","background-repeat":"repeat","background-position":"center center","background-size":"auto","background-attachment":"scroll","background-type":"","background-media":"","overlay-type":"","overlay-color":"","overlay-opacity":"","overlay-gradient":""}},"ast-content-background-meta":{"desktop":{"background-color":"var(--ast-global-color-5)","background-image":"","background-repeat":"repeat","background-position":"center center","background-size":"auto","background-attachment":"scroll","background-type":"","background-media":"","overlay-type":"","overlay-color":"","overlay-opacity":"","overlay-gradient":""},"tablet":{"background-color":"var(--ast-global-color-5)","background-image":"","background-repeat":"repeat","background-position":"center center","background-size":"auto","background-attachment":"scroll","background-type":"","background-media":"","overlay-type":"","overlay-color":"","overlay-opacity":"","overlay-gradient":""},"mobile":{"background-color":"var(--ast-global-color-5)","background-image":"","background-repeat":"repeat","background-position":"center center","background-size":"auto","background-attachment":"scroll","background-type":"","background-media":"","overlay-type":"","overlay-color":"","overlay-opacity":"","overlay-gradient":""}},"footnotes":""},"class_list":["post-21144","page","type-page","status-publish","hentry"],"yoast_head":"<!-- This site is optimized with the Yoast SEO plugin v27.4 - https:\/\/yoast.com\/product\/yoast-seo-wordpress\/ -->\n<title>Certification Vegan - Domaine Villa Noria<\/title>\n<meta name=\"robots\" content=\"index, follow, max-snippet:-1, max-image-preview:large, max-video-preview:-1\" \/>\n<link rel=\"canonical\" href=\"https:\/\/domaine-noria.com\/en\/certification-vegan\/\" \/>\n<meta property=\"og:locale\" content=\"en_US\" \/>\n<meta property=\"og:type\" content=\"article\" \/>\n<meta property=\"og:title\" content=\"Certification Vegan - Domaine Villa Noria\" \/>\n<meta property=\"og:description\" content=\"Certification Vegan Chez Domaine Villa Noria, la qualit\u00e9 de nos vins est notre priorit\u00e9 absolue. Nous nous engageons \u00e0 vous offrir des vins d\u2019exception, \u00e9labor\u00e9s dans le respect du raisin et de la nature, tout en adoptant une d\u00e9marche \u00e9thique et responsable. Notre processus de vinification se veut le plus naturel possible. Nous privil\u00e9gions des m\u00e9thodes traditionnelles, sans collage ni filtration agressive, afin de pr\u00e9server l\u2019authenticit\u00e9 et la finesse de chaque c\u00e9page. Nos vins sont \u00e9labor\u00e9s avec de faibles doses de sulfites, voire sans sulfites du tout sur certains d\u2019entre eux, garantissant un produit pur, sain et respectueux de votre sant\u00e9. Vegan, un vrai engagement Certifi\u00e9s Vegan, nos vins ne contiennent aucun produit d\u2019origine animale. Nous utilisons des agents de collage \u00e0 base de colle de pois et de bentonite, une argile naturelle, ainsi qu\u2019un filtre tangentiel, pour clarifier nos vins sans recourir \u00e0 des substances d\u2019origine animale comme la g\u00e9latine, la cas\u00e9ine ou l\u2019albumine. Concr\u00e8tement, cela signifie que nos vins ne contiennent pas d\u2019allerg\u00e8nes issus des crustac\u00e9s, des produits animaux ou d\u2019autres agents d\u2019origine animale. Pourquoi choisir nos vins Vegan ? Aucun usage de produits d\u2019origine animale ou d\u2019agents de collage issus de leur transformation. Des vins purs, sans allerg\u00e8nes, pour une consommation en toute s\u00e9r\u00e9nit\u00e9. Une d\u00e9marche \u00e9coresponsable, respectueuse de la nature et des animaux. Chez Domaine Villa Noria, nous croyons que qualit\u00e9 rime avec \u00e9thique. Nos vins Vegan sont le fruit de notre engagement pour une viticulture responsable, respectueuse de l\u2019environnement et de votre bien-\u00eatre. Vivez l\u2019exp\u00e9rience d\u2019un vin naturel, authentique et respectueux \u2013 pour une d\u00e9gustation qui fait sens.\" \/>\n<meta property=\"og:url\" content=\"https:\/\/domaine-noria.com\/en\/certification-vegan\/\" \/>\n<meta property=\"og:site_name\" content=\"Domaine Villa Noria\" \/>\n<meta property=\"article:publisher\" content=\"https:\/\/www.facebook.com\/DomaineVillaNoria\/\" \/>\n<meta property=\"article:modified_time\" content=\"2025-07-01T14:18:10+00:00\" \/>\n<meta property=\"og:image\" content=\"http:\/\/domaine-noria.com\/wp-content\/uploads\/2024\/04\/Logo-Vegan-min.png\" \/>\n<meta name=\"twitter:card\" content=\"summary_large_image\" \/>\n<meta name=\"twitter:label1\" content=\"Est. reading time\" \/>\n\t<meta name=\"twitter:data1\" content=\"2 minutes\" \/>\n<script type=\"application\/ld+json\" class=\"yoast-schema-graph\">{\"@context\":\"https:\\\/\\\/schema.org\",\"@graph\":[{\"@type\":\"WebPage\",\"@id\":\"https:\\\/\\\/domaine-noria.com\\\/certification-vegan\\\/\",\"url\":\"https:\\\/\\\/domaine-noria.com\\\/certification-vegan\\\/\",\"name\":\"Certification Vegan - Domaine Villa Noria\",\"isPartOf\":{\"@id\":\"https:\\\/\\\/domaine-noria.com\\\/#website\"},\"primaryImageOfPage\":{\"@id\":\"https:\\\/\\\/domaine-noria.com\\\/certification-vegan\\\/#primaryimage\"},\"image\":{\"@id\":\"https:\\\/\\\/domaine-noria.com\\\/certification-vegan\\\/#primaryimage\"},\"thumbnailUrl\":\"https:\\\/\\\/domaine-noria.com\\\/wp-content\\\/uploads\\\/2024\\\/04\\\/Logo-Vegan-min.png\",\"datePublished\":\"2025-07-01T14:08:00+00:00\",\"dateModified\":\"2025-07-01T14:18:10+00:00\",\"breadcrumb\":{\"@id\":\"https:\\\/\\\/domaine-noria.com\\\/certification-vegan\\\/#breadcrumb\"},\"inLanguage\":\"en-US\",\"potentialAction\":[{\"@type\":\"ReadAction\",\"target\":[\"https:\\\/\\\/domaine-noria.com\\\/certification-vegan\\\/\"]}]},{\"@type\":\"ImageObject\",\"inLanguage\":\"en-US\",\"@id\":\"https:\\\/\\\/domaine-noria.com\\\/certification-vegan\\\/#primaryimage\",\"url\":\"https:\\\/\\\/domaine-noria.com\\\/wp-content\\\/uploads\\\/2024\\\/04\\\/Logo-Vegan-min.png\",\"contentUrl\":\"https:\\\/\\\/domaine-noria.com\\\/wp-content\\\/uploads\\\/2024\\\/04\\\/Logo-Vegan-min.png\"},{\"@type\":\"BreadcrumbList\",\"@id\":\"https:\\\/\\\/domaine-noria.com\\\/certification-vegan\\\/#breadcrumb\",\"itemListElement\":[{\"@type\":\"ListItem\",\"position\":1,\"name\":\"Accueil\",\"item\":\"https:\\\/\\\/domaine-noria.com\\\/\"},{\"@type\":\"ListItem\",\"position\":2,\"name\":\"Certification Vegan\"}]},{\"@type\":\"WebSite\",\"@id\":\"https:\\\/\\\/domaine-noria.com\\\/#website\",\"url\":\"https:\\\/\\\/domaine-noria.com\\\/\",\"name\":\"Domaine Villa Noria\",\"description\":\"L&#039;El\u00e9gance au Naturel\",\"publisher\":{\"@id\":\"https:\\\/\\\/domaine-noria.com\\\/#organization\"},\"potentialAction\":[{\"@type\":\"SearchAction\",\"target\":{\"@type\":\"EntryPoint\",\"urlTemplate\":\"https:\\\/\\\/domaine-noria.com\\\/?s={search_term_string}\"},\"query-input\":{\"@type\":\"PropertyValueSpecification\",\"valueRequired\":true,\"valueName\":\"search_term_string\"}}],\"inLanguage\":\"en-US\"},{\"@type\":\"Organization\",\"@id\":\"https:\\\/\\\/domaine-noria.com\\\/#organization\",\"name\":\"Domaine Villa Noria\",\"url\":\"https:\\\/\\\/domaine-noria.com\\\/\",\"logo\":{\"@type\":\"ImageObject\",\"inLanguage\":\"en-US\",\"@id\":\"https:\\\/\\\/domaine-noria.com\\\/#\\\/schema\\\/logo\\\/image\\\/\",\"url\":\"https:\\\/\\\/domaine-noria.com\\\/wp-content\\\/uploads\\\/2016\\\/07\\\/noria-logo.png\",\"contentUrl\":\"https:\\\/\\\/domaine-noria.com\\\/wp-content\\\/uploads\\\/2016\\\/07\\\/noria-logo.png\",\"width\":250,\"height\":80,\"caption\":\"Domaine Villa Noria\"},\"image\":{\"@id\":\"https:\\\/\\\/domaine-noria.com\\\/#\\\/schema\\\/logo\\\/image\\\/\"},\"sameAs\":[\"https:\\\/\\\/www.facebook.com\\\/DomaineVillaNoria\\\/\",\"https:\\\/\\\/www.instagram.com\\\/domaine_villa_noria\\\/\",\"https:\\\/\\\/www.linkedin.com\\\/company\\\/villa-noria\\\/\"]}]}<\/script>\n<!-- \/ Yoast SEO plugin. -->","yoast_head_json":{"title":"Certification Vegan - Domaine Villa Noria","robots":{"index":"index","follow":"follow","max-snippet":"max-snippet:-1","max-image-preview":"max-image-preview:large","max-video-preview":"max-video-preview:-1"},"canonical":"https:\/\/domaine-noria.com\/en\/certification-vegan\/","og_locale":"en_US","og_type":"article","og_title":"Certification Vegan - Domaine Villa Noria","og_description":"Certification Vegan Chez Domaine Villa Noria, la qualit\u00e9 de nos vins est notre priorit\u00e9 absolue. Nous nous engageons \u00e0 vous offrir des vins d\u2019exception, \u00e9labor\u00e9s dans le respect du raisin et de la nature, tout en adoptant une d\u00e9marche \u00e9thique et responsable. Notre processus de vinification se veut le plus naturel possible. Nous privil\u00e9gions des m\u00e9thodes traditionnelles, sans collage ni filtration agressive, afin de pr\u00e9server l\u2019authenticit\u00e9 et la finesse de chaque c\u00e9page. Nos vins sont \u00e9labor\u00e9s avec de faibles doses de sulfites, voire sans sulfites du tout sur certains d\u2019entre eux, garantissant un produit pur, sain et respectueux de votre sant\u00e9. Vegan, un vrai engagement Certifi\u00e9s Vegan, nos vins ne contiennent aucun produit d\u2019origine animale. Nous utilisons des agents de collage \u00e0 base de colle de pois et de bentonite, une argile naturelle, ainsi qu\u2019un filtre tangentiel, pour clarifier nos vins sans recourir \u00e0 des substances d\u2019origine animale comme la g\u00e9latine, la cas\u00e9ine ou l\u2019albumine. Concr\u00e8tement, cela signifie que nos vins ne contiennent pas d\u2019allerg\u00e8nes issus des crustac\u00e9s, des produits animaux ou d\u2019autres agents d\u2019origine animale. Pourquoi choisir nos vins Vegan ? Aucun usage de produits d\u2019origine animale ou d\u2019agents de collage issus de leur transformation. Des vins purs, sans allerg\u00e8nes, pour une consommation en toute s\u00e9r\u00e9nit\u00e9. Une d\u00e9marche \u00e9coresponsable, respectueuse de la nature et des animaux. Chez Domaine Villa Noria, nous croyons que qualit\u00e9 rime avec \u00e9thique. Nos vins Vegan sont le fruit de notre engagement pour une viticulture responsable, respectueuse de l\u2019environnement et de votre bien-\u00eatre. Vivez l\u2019exp\u00e9rience d\u2019un vin naturel, authentique et respectueux \u2013 pour une d\u00e9gustation qui fait sens.","og_url":"https:\/\/domaine-noria.com\/en\/certification-vegan\/","og_site_name":"Domaine Villa Noria","article_publisher":"https:\/\/www.facebook.com\/DomaineVillaNoria\/","article_modified_time":"2025-07-01T14:18:10+00:00","og_image":[{"url":"http:\/\/domaine-noria.com\/wp-content\/uploads\/2024\/04\/Logo-Vegan-min.png","type":"","width":"","height":""}],"twitter_card":"summary_large_image","twitter_misc":{"Est. reading time":"2 minutes"},"schema":{"@context":"https:\/\/schema.org","@graph":[{"@type":"WebPage","@id":"https:\/\/domaine-noria.com\/certification-vegan\/","url":"https:\/\/domaine-noria.com\/certification-vegan\/","name":"Certification Vegan - Domaine Villa Noria","isPartOf":{"@id":"https:\/\/domaine-noria.com\/#website"},"primaryImageOfPage":{"@id":"https:\/\/domaine-noria.com\/certification-vegan\/#primaryimage"},"image":{"@id":"https:\/\/domaine-noria.com\/certification-vegan\/#primaryimage"},"thumbnailUrl":"https:\/\/domaine-noria.com\/wp-content\/uploads\/2024\/04\/Logo-Vegan-min.png","datePublished":"2025-07-01T14:08:00+00:00","dateModified":"2025-07-01T14:18:10+00:00","breadcrumb":{"@id":"https:\/\/domaine-noria.com\/certification-vegan\/#breadcrumb"},"inLanguage":"en-US","potentialAction":[{"@type":"ReadAction","target":["https:\/\/domaine-noria.com\/certification-vegan\/"]}]},{"@type":"ImageObject","inLanguage":"en-US","@id":"https:\/\/domaine-noria.com\/certification-vegan\/#primaryimage","url":"https:\/\/domaine-noria.com\/wp-content\/uploads\/2024\/04\/Logo-Vegan-min.png","contentUrl":"https:\/\/domaine-noria.com\/wp-content\/uploads\/2024\/04\/Logo-Vegan-min.png"},{"@type":"BreadcrumbList","@id":"https:\/\/domaine-noria.com\/certification-vegan\/#breadcrumb","itemListElement":[{"@type":"ListItem","position":1,"name":"Accueil","item":"https:\/\/domaine-noria.com\/"},{"@type":"ListItem","position":2,"name":"Certification Vegan"}]},{"@type":"WebSite","@id":"https:\/\/domaine-noria.com\/#website","url":"https:\/\/domaine-noria.com\/","name":"Villa Noria estate","description":"L&#039;El\u00e9gance au Naturel","publisher":{"@id":"https:\/\/domaine-noria.com\/#organization"},"potentialAction":[{"@type":"SearchAction","target":{"@type":"EntryPoint","urlTemplate":"https:\/\/domaine-noria.com\/?s={search_term_string}"},"query-input":{"@type":"PropertyValueSpecification","valueRequired":true,"valueName":"search_term_string"}}],"inLanguage":"en-US"},{"@type":"Organization","@id":"https:\/\/domaine-noria.com\/#organization","name":"Villa Noria estate","url":"https:\/\/domaine-noria.com\/","logo":{"@type":"ImageObject","inLanguage":"en-US","@id":"https:\/\/domaine-noria.com\/#\/schema\/logo\/image\/","url":"https:\/\/domaine-noria.com\/wp-content\/uploads\/2016\/07\/noria-logo.png","contentUrl":"https:\/\/domaine-noria.com\/wp-content\/uploads\/2016\/07\/noria-logo.png","width":250,"height":80,"caption":"Domaine Villa Noria"},"image":{"@id":"https:\/\/domaine-noria.com\/#\/schema\/logo\/image\/"},"sameAs":["https:\/\/www.facebook.com\/DomaineVillaNoria\/","https:\/\/www.instagram.com\/domaine_villa_noria\/","https:\/\/www.linkedin.com\/company\/villa-noria\/"]}]}},"_links":{"self":[{"href":"https:\/\/domaine-noria.com\/en\/wp-json\/wp\/v2\/pages\/21144","targetHints":{"allow":["GET"]}}],"collection":[{"href":"https:\/\/domaine-noria.com\/en\/wp-json\/wp\/v2\/pages"}],"about":[{"href":"https:\/\/domaine-noria.com\/en\/wp-json\/wp\/v2\/types\/page"}],"author":[{"embeddable":true,"href":"https:\/\/domaine-noria.com\/en\/wp-json\/wp\/v2\/users\/10"}],"replies":[{"embeddable":true,"href":"https:\/\/domaine-noria.com\/en\/wp-json\/wp\/v2\/comments?post=21144"}],"version-history":[{"count":4,"href":"https:\/\/domaine-noria.com\/en\/wp-json\/wp\/v2\/pages\/21144\/revisions"}],"predecessor-version":[{"id":21148,"href":"https:\/\/domaine-noria.com\/en\/wp-json\/wp\/v2\/pages\/21144\/revisions\/21148"}],"wp:attachment":[{"href":"https:\/\/domaine-noria.com\/en\/wp-json\/wp\/v2\/media?parent=21144"}],"curies":[{"name":"wp","href":"https:\/\/api.w.org\/{rel}","templated":true}]}}