{"id":21095,"date":"2025-07-01T12:54:51","date_gmt":"2025-07-01T10:54:51","guid":{"rendered":"https:\/\/domaine-noria.com\/?page_id=21095"},"modified":"2025-07-01T12:56:44","modified_gmt":"2025-07-01T10:56:44","slug":"certification-biologique","status":"publish","type":"page","link":"https:\/\/domaine-noria.com\/en\/certification-biologique\/","title":{"rendered":"Organic certification"},"content":{"rendered":"<div data-elementor-type=\"wp-page\" data-elementor-id=\"21095\" class=\"elementor elementor-21095\">\n\t\t\t\t<div class=\"elementor-element elementor-element-cfa66e6 e-flex e-con-boxed wpr-particle-no wpr-jarallax-no wpr-parallax-no wpr-sticky-section-no wpr-equal-height-no e-con e-parent\" data-id=\"cfa66e6\" data-element_type=\"container\" data-e-type=\"container\">\n\t\t\t\t\t<div class=\"e-con-inner\">\n\t\t\t\t<div class=\"elementor-element elementor-element-36f29cb elementor-widget elementor-widget-spacer\" data-id=\"36f29cb\" data-element_type=\"widget\" data-e-type=\"widget\" data-widget_type=\"spacer.default\">\n\t\t\t\t<div class=\"elementor-widget-container\">\n\t\t\t\t\t\t\t<div class=\"elementor-spacer\">\n\t\t\t<div class=\"elementor-spacer-inner\"><\/div>\n\t\t<\/div>\n\t\t\t\t\t\t<\/div>\n\t\t\t\t<\/div>\n\t\t<div class=\"elementor-element elementor-element-eee180f e-con-full e-flex wpr-particle-no wpr-jarallax-no wpr-parallax-no wpr-sticky-section-no wpr-equal-height-no e-con e-child\" data-id=\"eee180f\" data-element_type=\"container\" data-e-type=\"container\">\n\t\t<div class=\"elementor-element elementor-element-16743cb e-con-full e-flex wpr-particle-no wpr-jarallax-no wpr-parallax-no wpr-sticky-section-no wpr-equal-height-no e-con e-child\" data-id=\"16743cb\" data-element_type=\"container\" data-e-type=\"container\">\n\t\t\t\t<div class=\"elementor-element elementor-element-789b062 elementor-align-left elementor-widget elementor-widget-button\" data-id=\"789b062\" data-element_type=\"widget\" data-e-type=\"widget\" data-widget_type=\"button.default\">\n\t\t\t\t<div class=\"elementor-widget-container\">\n\t\t\t\t\t\t\t\t\t<div class=\"elementor-button-wrapper\">\n\t\t\t\t\t<a class=\"elementor-button elementor-button-link elementor-size-sm elementor-animation-grow\" href=\"https:\/\/domaine-noria.com\/en\/lengagement\/\">\n\t\t\t\t\t\t<span class=\"elementor-button-content-wrapper\">\n\t\t\t\t\t\t<span class=\"elementor-button-icon\">\n\t\t\t\t<svg aria-hidden=\"true\" class=\"e-font-icon-svg e-fas-arrow-left\" viewbox=\"0 0 448 512\" xmlns=\"http:\/\/www.w3.org\/2000\/svg\"><path d=\"M257.5 445.1l-22.2 22.2c-9.4 9.4-24.6 9.4-33.9 0L7 273c-9.4-9.4-9.4-24.6 0-33.9L201.4 44.7c9.4-9.4 24.6-9.4 33.9 0l22.2 22.2c9.5 9.5 9.3 25-.4 34.3L136.6 216H424c13.3 0 24 10.7 24 24v32c0 13.3-10.7 24-24 24H136.6l120.5 114.8c9.8 9.3 10 24.8.4 34.3z\"><\/path><\/svg>\t\t\t<\/span>\n\t\t\t\t\t\t\t\t<\/span>\n\t\t\t\t\t<\/a>\n\t\t\t\t<\/div>\n\t\t\t\t\t\t\t\t<\/div>\n\t\t\t\t<\/div>\n\t\t\t\t<\/div>\n\t\t<div class=\"elementor-element elementor-element-20cf411 e-con-full e-flex wpr-particle-no wpr-jarallax-no wpr-parallax-no wpr-sticky-section-no wpr-equal-height-no e-con e-child\" data-id=\"20cf411\" data-element_type=\"container\" data-e-type=\"container\">\n\t\t\t\t<div class=\"elementor-element elementor-element-eda9410 elementor-widget elementor-widget-heading\" data-id=\"eda9410\" data-element_type=\"widget\" data-e-type=\"widget\" data-widget_type=\"heading.default\">\n\t\t\t\t<div class=\"elementor-widget-container\">\n\t\t\t\t\t<h1 class=\"elementor-heading-title elementor-size-default\">Organic certification<\/h1>\t\t\t\t<\/div>\n\t\t\t\t<\/div>\n\t\t\t\t<\/div>\n\t\t\t\t<\/div>\n\t\t\t\t<div class=\"elementor-element elementor-element-89c04d2 elementor-widget elementor-widget-spacer\" data-id=\"89c04d2\" data-element_type=\"widget\" data-e-type=\"widget\" data-widget_type=\"spacer.default\">\n\t\t\t\t<div class=\"elementor-widget-container\">\n\t\t\t\t\t\t\t<div class=\"elementor-spacer\">\n\t\t\t<div class=\"elementor-spacer-inner\"><\/div>\n\t\t<\/div>\n\t\t\t\t\t\t<\/div>\n\t\t\t\t<\/div>\n\t\t<div class=\"elementor-element elementor-element-e565212 e-con-full e-flex wpr-particle-no wpr-jarallax-no wpr-parallax-no wpr-sticky-section-no wpr-equal-height-no e-con e-child\" data-id=\"e565212\" data-element_type=\"container\" data-e-type=\"container\">\n\t\t<div class=\"elementor-element elementor-element-27d997a e-con-full e-flex wpr-particle-no wpr-jarallax-no wpr-parallax-no wpr-sticky-section-no wpr-equal-height-no e-con e-child\" data-id=\"27d997a\" data-element_type=\"container\" data-e-type=\"container\">\n\t\t\t\t<div class=\"elementor-element elementor-element-20eaed8 elementor-widget elementor-widget-heading\" data-id=\"20eaed8\" data-element_type=\"widget\" data-e-type=\"widget\" data-widget_type=\"heading.default\">\n\t\t\t\t<div class=\"elementor-widget-container\">\n\t\t\t\t\t<h2 class=\"elementor-heading-title elementor-size-default\">Organic certification: what does it mean?<\/h2>\t\t\t\t<\/div>\n\t\t\t\t<\/div>\n\t\t\t\t<div class=\"elementor-element elementor-element-43a2aa8 elementor-widget elementor-widget-text-editor\" data-id=\"43a2aa8\" data-element_type=\"widget\" data-e-type=\"widget\" data-widget_type=\"text-editor.default\">\n\t\t\t\t<div class=\"elementor-widget-container\">\n\t\t\t\t\t\t\t\t\t<p class=\"p1 translation-block\">Being certified organic means choosing <strong>farming practices that respect both the environment and your health<\/strong>. It guarantees that our products are grown <strong>without chemical pesticides, synthetic fertilizers, and in harmony with the natural cycle of the land<\/strong>. At theVilla Noria estate, our organic commitment reflects our desire to offer <strong>authentic, healthy, and planet-friendly products.<\/strong><\/p>\t\t\t\t\t\t\t\t<\/div>\n\t\t\t\t<\/div>\n\t\t\t\t<div class=\"elementor-element elementor-element-343364a elementor-widget elementor-widget-spacer\" data-id=\"343364a\" data-element_type=\"widget\" data-e-type=\"widget\" data-widget_type=\"spacer.default\">\n\t\t\t\t<div class=\"elementor-widget-container\">\n\t\t\t\t\t\t\t<div class=\"elementor-spacer\">\n\t\t\t<div class=\"elementor-spacer-inner\"><\/div>\n\t\t<\/div>\n\t\t\t\t\t\t<\/div>\n\t\t\t\t<\/div>\n\t\t\t\t<\/div>\n\t\t<div class=\"elementor-element elementor-element-d5ed874 e-con-full e-flex wpr-particle-no wpr-jarallax-no wpr-parallax-no wpr-sticky-section-no wpr-equal-height-no e-con e-child\" data-id=\"d5ed874\" data-element_type=\"container\" data-e-type=\"container\">\n\t\t\t\t<div class=\"elementor-element elementor-element-b240558 elementor-widget elementor-widget-image\" data-id=\"b240558\" data-element_type=\"widget\" data-e-type=\"widget\" data-widget_type=\"image.default\">\n\t\t\t\t<div class=\"elementor-widget-container\">\n\t\t\t\t\t\t\t\t\t\t\t\t\t\t\t<img fetchpriority=\"high\" decoding=\"async\" width=\"274\" height=\"183\" src=\"https:\/\/domaine-noria.com\/wp-content\/uploads\/2024\/04\/Logo-Ecocert-min.png\" class=\"attachment-large size-large wp-image-14040\" alt=\"Logo-Ecocert\" \/>\t\t\t\t\t\t\t\t\t\t\t\t\t\t\t<\/div>\n\t\t\t\t<\/div>\n\t\t\t\t<\/div>\n\t\t\t\t<\/div>\n\t\t\t\t\t<\/div>\n\t\t\t\t<\/div>\n\t\t\t\t<\/div>","protected":false},"excerpt":{"rendered":"<p>Certification Biologique Certification Biologique : qu\u2019est-ce que cela signifie ? \u00catre certifi\u00e9 biologique, c\u2019est choisir une agriculture respectueuse de l\u2019environnement et de votre sant\u00e9. Cela garantit que nos produits sont cultiv\u00e9s sans pesticides chimiques, sans engrais de synth\u00e8se, et dans le respect du cycle naturel de la terre. Chez Domaine Villa Noria, notre engagement biologique t\u00e9moigne de notre volont\u00e9 d\u2019offrir des produits authentiques, sains et respectueux de la plan\u00e8te.<\/p>","protected":false},"author":10,"featured_media":0,"parent":0,"menu_order":22,"comment_status":"closed","ping_status":"closed","template":"","meta":{"site-sidebar-layout":"no-sidebar","site-content-layout":"","ast-site-content-layout":"full-width-container","site-content-style":"default","site-sidebar-style":"default","ast-global-header-display":"","ast-banner-title-visibility":"","ast-main-header-display":"","ast-hfb-above-header-display":"","ast-hfb-below-header-display":"","ast-hfb-mobile-header-display":"","site-post-title":"disabled","ast-breadcrumbs-content":"","ast-featured-img":"disabled","footer-sml-layout":"","ast-disable-related-posts":"","theme-transparent-header-meta":"","adv-header-id-meta":"","stick-header-meta":"","header-above-stick-meta":"","header-main-stick-meta":"","header-below-stick-meta":"","astra-migrate-meta-layouts":"default","ast-page-background-enabled":"default","ast-page-background-meta":{"desktop":{"background-color":"var(--ast-global-color-4)","background-image":"","background-repeat":"repeat","background-position":"center center","background-size":"auto","background-attachment":"scroll","background-type":"","background-media":"","overlay-type":"","overlay-color":"","overlay-opacity":"","overlay-gradient":""},"tablet":{"background-color":"","background-image":"","background-repeat":"repeat","background-position":"center center","background-size":"auto","background-attachment":"scroll","background-type":"","background-media":"","overlay-type":"","overlay-color":"","overlay-opacity":"","overlay-gradient":""},"mobile":{"background-color":"","background-image":"","background-repeat":"repeat","background-position":"center center","background-size":"auto","background-attachment":"scroll","background-type":"","background-media":"","overlay-type":"","overlay-color":"","overlay-opacity":"","overlay-gradient":""}},"ast-content-background-meta":{"desktop":{"background-color":"var(--ast-global-color-5)","background-image":"","background-repeat":"repeat","background-position":"center center","background-size":"auto","background-attachment":"scroll","background-type":"","background-media":"","overlay-type":"","overlay-color":"","overlay-opacity":"","overlay-gradient":""},"tablet":{"background-color":"var(--ast-global-color-5)","background-image":"","background-repeat":"repeat","background-position":"center center","background-size":"auto","background-attachment":"scroll","background-type":"","background-media":"","overlay-type":"","overlay-color":"","overlay-opacity":"","overlay-gradient":""},"mobile":{"background-color":"var(--ast-global-color-5)","background-image":"","background-repeat":"repeat","background-position":"center center","background-size":"auto","background-attachment":"scroll","background-type":"","background-media":"","overlay-type":"","overlay-color":"","overlay-opacity":"","overlay-gradient":""}},"footnotes":""},"class_list":["post-21095","page","type-page","status-publish","hentry"],"yoast_head":"<!-- This site is optimized with the Yoast SEO plugin v27.4 - https:\/\/yoast.com\/product\/yoast-seo-wordpress\/ -->\n<title>Certification Biologique - Domaine Villa Noria<\/title>\n<meta name=\"robots\" content=\"index, follow, max-snippet:-1, max-image-preview:large, max-video-preview:-1\" \/>\n<link rel=\"canonical\" href=\"https:\/\/domaine-noria.com\/en\/certification-biologique\/\" \/>\n<meta property=\"og:locale\" content=\"en_US\" \/>\n<meta property=\"og:type\" content=\"article\" \/>\n<meta property=\"og:title\" content=\"Certification Biologique - Domaine Villa Noria\" \/>\n<meta property=\"og:description\" content=\"Certification Biologique Certification Biologique : qu\u2019est-ce que cela signifie ? \u00catre certifi\u00e9 biologique, c\u2019est choisir une agriculture respectueuse de l\u2019environnement et de votre sant\u00e9. Cela garantit que nos produits sont cultiv\u00e9s sans pesticides chimiques, sans engrais de synth\u00e8se, et dans le respect du cycle naturel de la terre. Chez Domaine Villa Noria, notre engagement biologique t\u00e9moigne de notre volont\u00e9 d\u2019offrir des produits authentiques, sains et respectueux de la plan\u00e8te.\" \/>\n<meta property=\"og:url\" content=\"https:\/\/domaine-noria.com\/en\/certification-biologique\/\" \/>\n<meta property=\"og:site_name\" content=\"Domaine Villa Noria\" \/>\n<meta property=\"article:publisher\" content=\"https:\/\/www.facebook.com\/DomaineVillaNoria\/\" \/>\n<meta property=\"article:modified_time\" content=\"2025-07-01T10:56:44+00:00\" \/>\n<meta property=\"og:image\" content=\"http:\/\/domaine-noria.com\/wp-content\/uploads\/2024\/04\/Logo-Ecocert-min.png\" \/>\n<meta name=\"twitter:card\" content=\"summary_large_image\" \/>\n<meta name=\"twitter:label1\" content=\"Est. reading time\" \/>\n\t<meta name=\"twitter:data1\" content=\"1 minute\" \/>\n<script type=\"application\/ld+json\" class=\"yoast-schema-graph\">{\"@context\":\"https:\\\/\\\/schema.org\",\"@graph\":[{\"@type\":\"WebPage\",\"@id\":\"https:\\\/\\\/domaine-noria.com\\\/certification-biologique\\\/\",\"url\":\"https:\\\/\\\/domaine-noria.com\\\/certification-biologique\\\/\",\"name\":\"Certification Biologique - Domaine Villa Noria\",\"isPartOf\":{\"@id\":\"https:\\\/\\\/domaine-noria.com\\\/#website\"},\"primaryImageOfPage\":{\"@id\":\"https:\\\/\\\/domaine-noria.com\\\/certification-biologique\\\/#primaryimage\"},\"image\":{\"@id\":\"https:\\\/\\\/domaine-noria.com\\\/certification-biologique\\\/#primaryimage\"},\"thumbnailUrl\":\"https:\\\/\\\/domaine-noria.com\\\/wp-content\\\/uploads\\\/2024\\\/04\\\/Logo-Ecocert-min.png\",\"datePublished\":\"2025-07-01T10:54:51+00:00\",\"dateModified\":\"2025-07-01T10:56:44+00:00\",\"breadcrumb\":{\"@id\":\"https:\\\/\\\/domaine-noria.com\\\/certification-biologique\\\/#breadcrumb\"},\"inLanguage\":\"en-US\",\"potentialAction\":[{\"@type\":\"ReadAction\",\"target\":[\"https:\\\/\\\/domaine-noria.com\\\/certification-biologique\\\/\"]}]},{\"@type\":\"ImageObject\",\"inLanguage\":\"en-US\",\"@id\":\"https:\\\/\\\/domaine-noria.com\\\/certification-biologique\\\/#primaryimage\",\"url\":\"https:\\\/\\\/domaine-noria.com\\\/wp-content\\\/uploads\\\/2024\\\/04\\\/Logo-Ecocert-min.png\",\"contentUrl\":\"https:\\\/\\\/domaine-noria.com\\\/wp-content\\\/uploads\\\/2024\\\/04\\\/Logo-Ecocert-min.png\"},{\"@type\":\"BreadcrumbList\",\"@id\":\"https:\\\/\\\/domaine-noria.com\\\/certification-biologique\\\/#breadcrumb\",\"itemListElement\":[{\"@type\":\"ListItem\",\"position\":1,\"name\":\"Accueil\",\"item\":\"https:\\\/\\\/domaine-noria.com\\\/\"},{\"@type\":\"ListItem\",\"position\":2,\"name\":\"Certification Biologique\"}]},{\"@type\":\"WebSite\",\"@id\":\"https:\\\/\\\/domaine-noria.com\\\/#website\",\"url\":\"https:\\\/\\\/domaine-noria.com\\\/\",\"name\":\"Domaine Villa Noria\",\"description\":\"L&#039;El\u00e9gance au Naturel\",\"publisher\":{\"@id\":\"https:\\\/\\\/domaine-noria.com\\\/#organization\"},\"potentialAction\":[{\"@type\":\"SearchAction\",\"target\":{\"@type\":\"EntryPoint\",\"urlTemplate\":\"https:\\\/\\\/domaine-noria.com\\\/?s={search_term_string}\"},\"query-input\":{\"@type\":\"PropertyValueSpecification\",\"valueRequired\":true,\"valueName\":\"search_term_string\"}}],\"inLanguage\":\"en-US\"},{\"@type\":\"Organization\",\"@id\":\"https:\\\/\\\/domaine-noria.com\\\/#organization\",\"name\":\"Domaine Villa Noria\",\"url\":\"https:\\\/\\\/domaine-noria.com\\\/\",\"logo\":{\"@type\":\"ImageObject\",\"inLanguage\":\"en-US\",\"@id\":\"https:\\\/\\\/domaine-noria.com\\\/#\\\/schema\\\/logo\\\/image\\\/\",\"url\":\"https:\\\/\\\/domaine-noria.com\\\/wp-content\\\/uploads\\\/2016\\\/07\\\/noria-logo.png\",\"contentUrl\":\"https:\\\/\\\/domaine-noria.com\\\/wp-content\\\/uploads\\\/2016\\\/07\\\/noria-logo.png\",\"width\":250,\"height\":80,\"caption\":\"Domaine Villa Noria\"},\"image\":{\"@id\":\"https:\\\/\\\/domaine-noria.com\\\/#\\\/schema\\\/logo\\\/image\\\/\"},\"sameAs\":[\"https:\\\/\\\/www.facebook.com\\\/DomaineVillaNoria\\\/\",\"https:\\\/\\\/www.instagram.com\\\/domaine_villa_noria\\\/\",\"https:\\\/\\\/www.linkedin.com\\\/company\\\/villa-noria\\\/\"]}]}<\/script>\n<!-- \/ Yoast SEO plugin. -->","yoast_head_json":{"title":"Certification Biologique - Domaine Villa Noria","robots":{"index":"index","follow":"follow","max-snippet":"max-snippet:-1","max-image-preview":"max-image-preview:large","max-video-preview":"max-video-preview:-1"},"canonical":"https:\/\/domaine-noria.com\/en\/certification-biologique\/","og_locale":"en_US","og_type":"article","og_title":"Certification Biologique - Domaine Villa Noria","og_description":"Certification Biologique Certification Biologique : qu\u2019est-ce que cela signifie ? \u00catre certifi\u00e9 biologique, c\u2019est choisir une agriculture respectueuse de l\u2019environnement et de votre sant\u00e9. Cela garantit que nos produits sont cultiv\u00e9s sans pesticides chimiques, sans engrais de synth\u00e8se, et dans le respect du cycle naturel de la terre. Chez Domaine Villa Noria, notre engagement biologique t\u00e9moigne de notre volont\u00e9 d\u2019offrir des produits authentiques, sains et respectueux de la plan\u00e8te.","og_url":"https:\/\/domaine-noria.com\/en\/certification-biologique\/","og_site_name":"Domaine Villa Noria","article_publisher":"https:\/\/www.facebook.com\/DomaineVillaNoria\/","article_modified_time":"2025-07-01T10:56:44+00:00","og_image":[{"url":"http:\/\/domaine-noria.com\/wp-content\/uploads\/2024\/04\/Logo-Ecocert-min.png","type":"","width":"","height":""}],"twitter_card":"summary_large_image","twitter_misc":{"Est. reading time":"1 minute"},"schema":{"@context":"https:\/\/schema.org","@graph":[{"@type":"WebPage","@id":"https:\/\/domaine-noria.com\/certification-biologique\/","url":"https:\/\/domaine-noria.com\/certification-biologique\/","name":"Certification Biologique - Domaine Villa Noria","isPartOf":{"@id":"https:\/\/domaine-noria.com\/#website"},"primaryImageOfPage":{"@id":"https:\/\/domaine-noria.com\/certification-biologique\/#primaryimage"},"image":{"@id":"https:\/\/domaine-noria.com\/certification-biologique\/#primaryimage"},"thumbnailUrl":"https:\/\/domaine-noria.com\/wp-content\/uploads\/2024\/04\/Logo-Ecocert-min.png","datePublished":"2025-07-01T10:54:51+00:00","dateModified":"2025-07-01T10:56:44+00:00","breadcrumb":{"@id":"https:\/\/domaine-noria.com\/certification-biologique\/#breadcrumb"},"inLanguage":"en-US","potentialAction":[{"@type":"ReadAction","target":["https:\/\/domaine-noria.com\/certification-biologique\/"]}]},{"@type":"ImageObject","inLanguage":"en-US","@id":"https:\/\/domaine-noria.com\/certification-biologique\/#primaryimage","url":"https:\/\/domaine-noria.com\/wp-content\/uploads\/2024\/04\/Logo-Ecocert-min.png","contentUrl":"https:\/\/domaine-noria.com\/wp-content\/uploads\/2024\/04\/Logo-Ecocert-min.png"},{"@type":"BreadcrumbList","@id":"https:\/\/domaine-noria.com\/certification-biologique\/#breadcrumb","itemListElement":[{"@type":"ListItem","position":1,"name":"Accueil","item":"https:\/\/domaine-noria.com\/"},{"@type":"ListItem","position":2,"name":"Certification Biologique"}]},{"@type":"WebSite","@id":"https:\/\/domaine-noria.com\/#website","url":"https:\/\/domaine-noria.com\/","name":"Villa Noria estate","description":"L&#039;El\u00e9gance au Naturel","publisher":{"@id":"https:\/\/domaine-noria.com\/#organization"},"potentialAction":[{"@type":"SearchAction","target":{"@type":"EntryPoint","urlTemplate":"https:\/\/domaine-noria.com\/?s={search_term_string}"},"query-input":{"@type":"PropertyValueSpecification","valueRequired":true,"valueName":"search_term_string"}}],"inLanguage":"en-US"},{"@type":"Organization","@id":"https:\/\/domaine-noria.com\/#organization","name":"Villa Noria estate","url":"https:\/\/domaine-noria.com\/","logo":{"@type":"ImageObject","inLanguage":"en-US","@id":"https:\/\/domaine-noria.com\/#\/schema\/logo\/image\/","url":"https:\/\/domaine-noria.com\/wp-content\/uploads\/2016\/07\/noria-logo.png","contentUrl":"https:\/\/domaine-noria.com\/wp-content\/uploads\/2016\/07\/noria-logo.png","width":250,"height":80,"caption":"Domaine Villa Noria"},"image":{"@id":"https:\/\/domaine-noria.com\/#\/schema\/logo\/image\/"},"sameAs":["https:\/\/www.facebook.com\/DomaineVillaNoria\/","https:\/\/www.instagram.com\/domaine_villa_noria\/","https:\/\/www.linkedin.com\/company\/villa-noria\/"]}]}},"_links":{"self":[{"href":"https:\/\/domaine-noria.com\/en\/wp-json\/wp\/v2\/pages\/21095","targetHints":{"allow":["GET"]}}],"collection":[{"href":"https:\/\/domaine-noria.com\/en\/wp-json\/wp\/v2\/pages"}],"about":[{"href":"https:\/\/domaine-noria.com\/en\/wp-json\/wp\/v2\/types\/page"}],"author":[{"embeddable":true,"href":"https:\/\/domaine-noria.com\/en\/wp-json\/wp\/v2\/users\/10"}],"replies":[{"embeddable":true,"href":"https:\/\/domaine-noria.com\/en\/wp-json\/wp\/v2\/comments?post=21095"}],"version-history":[{"count":8,"href":"https:\/\/domaine-noria.com\/en\/wp-json\/wp\/v2\/pages\/21095\/revisions"}],"predecessor-version":[{"id":21112,"href":"https:\/\/domaine-noria.com\/en\/wp-json\/wp\/v2\/pages\/21095\/revisions\/21112"}],"wp:attachment":[{"href":"https:\/\/domaine-noria.com\/en\/wp-json\/wp\/v2\/media?parent=21095"}],"curies":[{"name":"wp","href":"https:\/\/api.w.org\/{rel}","templated":true}]}}